{"id":11,"date":"2015-01-27T11:54:42","date_gmt":"2015-01-27T11:54:42","guid":{"rendered":"http:\/\/theme-fusion.com\/avada_demos_xml\/travel\/?page_id=11"},"modified":"2024-11-30T00:36:27","modified_gmt":"2024-11-30T00:36:27","slug":"hochzeitsarrangements","status":"publish","type":"page","link":"https:\/\/anagenessis-zakynthos.com\/de\/hochzeitsarrangements\/","title":{"rendered":"Wedding Arrangements"},"content":{"rendered":"<p><div class=\"fusion-fullwidth fullwidth-box fusion-builder-row-1 nonhundred-percent-fullwidth non-hundred-percent-height-scrolling\" style=\"--awb-background-position:left top;--awb-border-radius-top-left:0px;--awb-border-radius-top-right:0px;--awb-border-radius-bottom-right:0px;--awb-border-radius-bottom-left:0px;--awb-padding-top:70px;--awb-padding-bottom:75px;--awb-border-sizes-top:0px;--awb-border-sizes-bottom:0px;--awb-flex-wrap:wrap;\" ><div class=\"fusion-builder-row fusion-row\"><div class=\"fusion-layout-column fusion_builder_column fusion-builder-column-0 fusion_builder_column_1_2 1_2 fusion-one-half fusion-column-first\" style=\"--awb-bg-size:cover;width:48%; margin-right: 4%;\"><div class=\"fusion-column-wrapper fusion-flex-column-wrapper-legacy\"><div class=\"fusion-text fusion-text-1\"><h2 style=\"text-align: center;\">Hochzeitsplanung<\/h2>\n<\/div><div class=\"fusion-sep-clear\"><\/div><div class=\"fusion-separator fusion-has-icon fusion-full-width-sep\" style=\"margin-left: auto;margin-right: auto;margin-bottom:20px;width:100%;\"><div class=\"fusion-separator-border sep-shadow\" style=\"--awb-height:20px;--awb-amount:20px;background:radial-gradient(ellipse at 50% -50% , #e0dede 0px, rgba(255, 255, 255, 0) 80%) repeat scroll 0 0 rgba(0, 0, 0, 0);background:-webkit-radial-gradient(ellipse at 50% -50% , #e0dede 0px, rgba(255, 255, 255, 0) 80%) repeat scroll 0 0 rgba(0, 0, 0, 0);background:-moz-radial-gradient(ellipse at 50% -50% , #e0dede 0px, rgba(255, 255, 255, 0) 80%) repeat scroll 0 0 rgba(0, 0, 0, 0);background:-o-radial-gradient(ellipse at 50% -50% , #e0dede 0px, rgba(255, 255, 255, 0) 80%) repeat scroll 0 0 rgba(0, 0, 0, 0);\"><\/div><span class=\"icon-wrapper\" style=\"border-color:#e0dede;background-color:#9a47ed;font-size:16px;width: 1.75em; height: 1.75em;border-width:1px;padding:1px;\"><i class=\"fa fa-venus-mars\" style=\"font-size: inherit;color:#e0dede;\" aria-hidden=\"true\"><\/i><\/span><div class=\"fusion-separator-border sep-shadow\" style=\"--awb-height:20px;--awb-amount:20px;background:radial-gradient(ellipse at 50% -50% , #e0dede 0px, rgba(255, 255, 255, 0) 80%) repeat scroll 0 0 rgba(0, 0, 0, 0);background:-webkit-radial-gradient(ellipse at 50% -50% , #e0dede 0px, rgba(255, 255, 255, 0) 80%) repeat scroll 0 0 rgba(0, 0, 0, 0);background:-moz-radial-gradient(ellipse at 50% -50% , #e0dede 0px, rgba(255, 255, 255, 0) 80%) repeat scroll 0 0 rgba(0, 0, 0, 0);background:-o-radial-gradient(ellipse at 50% -50% , #e0dede 0px, rgba(255, 255, 255, 0) 80%) repeat scroll 0 0 rgba(0, 0, 0, 0);\"><\/div><\/div><div class=\"fusion-sep-clear\"><\/div><div class=\"fusion-text fusion-text-2\"><p>Organisieren Sie Ihre Ehe, die sch\u00f6nste Ereignis in Ihrem Leben in einer einzigartigen idyllischen Umgebung, so wie Sie es sich vorgestellt haben, die Schaffung der Atmosph\u00e4re Ihrer Tr\u00e4ume, und wir, die Menschen in Anagenessis Hotel, wird daf\u00fcr sorgen, dass es zu einem einzigartigen und unvergesslichen Erlebnis Erlebnis.<\/p>\n<\/div><div class=\"fusion-image-carousel fusion-image-carousel-auto fusion-image-carousel-1 lightbox-enabled fusion-carousel-border\"><div class=\"awb-carousel awb-swiper awb-swiper-carousel awb-swiper-dots-position-bottom awb-carousel--carousel\" data-layout=\"carousel\" data-autoplay=\"no\" data-autoplayspeed=\"2500\" data-autoplaypause=\"no\" data-columns=\"2\" data-itemmargin=\"2\" data-itemwidth=\"180\" data-touchscroll=\"no\" data-freemode=\"no\" data-imagesize=\"auto\" data-scrollitems=\"2\" data-centeredslides=\"no\" data-rotationangle=\"50\" data-depth=\"100\" data-speed=\"500\" data-shadow=\"no\" style=\"--awb-columns:2;--awb-column-spacing:2px;--awb-border-width:1px;--awb-border-color:#e9eaee;\"><div class=\"swiper-wrapper awb-image-carousel-wrapper fusion-flex-align-items-center\"><div class=\"swiper-slide\"><div class=\"fusion-carousel-item-wrapper\"><div class=\"fusion-image-wrapper hover-type-zoomin\"><a data-rel=\"iLightbox[image_carousel_1]\" data-title=\"gallery_80_61_DSC02621\" aria-label=\"gallery_80_61_DSC02621\" href=\"https:\/\/anagenessis-zakynthos.com\/wp-content\/uploads\/2015\/01\/gallery_80_61_DSC02621.jpg\" target=\"_self\"><img decoding=\"async\" width=\"422\" height=\"322\" src=\"https:\/\/anagenessis-zakynthos.com\/wp-content\/uploads\/2015\/01\/gallery_80_61_DSC02621.jpg\" class=\"attachment-full size-full\" alt=\"Gallery 80 61 dsc02621\" \/><\/a><\/div><\/div><\/div><div class=\"swiper-slide\"><div class=\"fusion-carousel-item-wrapper\"><div class=\"fusion-image-wrapper hover-type-zoomin\"><a data-rel=\"iLightbox[image_carousel_1]\" data-title=\"gallery_80_47_Photo0201\" aria-label=\"gallery_80_47_Photo0201\" href=\"https:\/\/anagenessis-zakynthos.com\/wp-content\/uploads\/2015\/01\/gallery_80_47_Photo0201.jpg\" target=\"_self\"><img decoding=\"async\" width=\"422\" height=\"322\" src=\"https:\/\/anagenessis-zakynthos.com\/wp-content\/uploads\/2015\/01\/gallery_80_47_Photo0201.jpg\" class=\"attachment-full size-full\" alt=\"Gallery 80 47 photo0201\" \/><\/a><\/div><\/div><\/div><div class=\"swiper-slide\"><div class=\"fusion-carousel-item-wrapper\"><div class=\"fusion-image-wrapper hover-type-zoomin\"><a data-rel=\"iLightbox[image_carousel_1]\" data-title=\"gallery_80_59_DSC02601\" aria-label=\"gallery_80_59_DSC02601\" href=\"https:\/\/anagenessis-zakynthos.com\/wp-content\/uploads\/2015\/01\/gallery_80_59_DSC02601.jpg\" target=\"_self\"><img decoding=\"async\" width=\"422\" height=\"322\" src=\"https:\/\/anagenessis-zakynthos.com\/wp-content\/uploads\/2015\/01\/gallery_80_59_DSC02601.jpg\" class=\"attachment-full size-full\" alt=\"Gallery 80 59 dsc02601\" \/><\/a><\/div><\/div><\/div><div class=\"swiper-slide\"><div class=\"fusion-carousel-item-wrapper\"><div class=\"fusion-image-wrapper hover-type-zoomin\"><a data-rel=\"iLightbox[image_carousel_1]\" data-title=\"gallery_80_53_IMG_20130826_182249\" aria-label=\"gallery_80_53_IMG_20130826_182249\" href=\"https:\/\/anagenessis-zakynthos.com\/wp-content\/uploads\/2015\/01\/gallery_80_53_IMG_20130826_182249.jpg\" target=\"_self\"><img decoding=\"async\" width=\"422\" height=\"316\" src=\"https:\/\/anagenessis-zakynthos.com\/wp-content\/uploads\/2015\/01\/gallery_80_53_IMG_20130826_182249.jpg\" class=\"attachment-full size-full\" alt=\"Gallery 80 53 img 20130826 182249\" \/><\/a><\/div><\/div><\/div><\/div><\/div><\/div><div class=\"fusion-image-carousel fusion-image-carousel-auto fusion-image-carousel-2 lightbox-enabled fusion-carousel-border\"><div class=\"awb-carousel awb-swiper awb-swiper-carousel awb-swiper-dots-position-bottom awb-carousel--carousel\" data-layout=\"carousel\" data-autoplay=\"no\" data-autoplayspeed=\"2500\" data-autoplaypause=\"no\" data-columns=\"2\" data-itemmargin=\"2\" data-itemwidth=\"180\" data-touchscroll=\"no\" data-freemode=\"no\" data-imagesize=\"auto\" data-scrollitems=\"0\" data-centeredslides=\"no\" data-rotationangle=\"50\" data-depth=\"100\" data-speed=\"500\" data-shadow=\"no\" style=\"--awb-columns:2;--awb-column-spacing:2px;--awb-border-width:1px;--awb-border-color:#e9eaee;\"><div class=\"swiper-wrapper awb-image-carousel-wrapper fusion-flex-align-items-center\"><div class=\"swiper-slide\"><div class=\"fusion-carousel-item-wrapper\"><div class=\"fusion-image-wrapper hover-type-zoomin\"><a data-rel=\"iLightbox[image_carousel_2]\" data-title=\"gallery_80_59_DSC02601\" aria-label=\"gallery_80_59_DSC02601\" href=\"https:\/\/anagenessis-zakynthos.com\/wp-content\/uploads\/2015\/01\/gallery_80_59_DSC02601.jpg\" target=\"_self\"><img decoding=\"async\" width=\"422\" height=\"322\" src=\"https:\/\/anagenessis-zakynthos.com\/wp-content\/uploads\/2015\/01\/gallery_80_59_DSC02601.jpg\" class=\"attachment-full size-full\" alt=\"Gallery 80 59 dsc02601\" \/><\/a><\/div><\/div><\/div><div class=\"swiper-slide\"><div class=\"fusion-carousel-item-wrapper\"><div class=\"fusion-image-wrapper hover-type-zoomin\"><a data-rel=\"iLightbox[image_carousel_2]\" data-title=\"gallery_80_53_IMG_20130826_182249\" aria-label=\"gallery_80_53_IMG_20130826_182249\" href=\"https:\/\/anagenessis-zakynthos.com\/wp-content\/uploads\/2015\/01\/gallery_80_53_IMG_20130826_182249.jpg\" target=\"_self\"><img decoding=\"async\" width=\"422\" height=\"316\" src=\"https:\/\/anagenessis-zakynthos.com\/wp-content\/uploads\/2015\/01\/gallery_80_53_IMG_20130826_182249.jpg\" class=\"attachment-full size-full\" alt=\"Gallery 80 53 img 20130826 182249\" \/><\/a><\/div><\/div><\/div><div class=\"swiper-slide\"><div class=\"fusion-carousel-item-wrapper\"><div class=\"fusion-image-wrapper hover-type-zoomin\"><a data-rel=\"iLightbox[image_carousel_2]\" data-title=\"gallery_80_61_DSC02621\" aria-label=\"gallery_80_61_DSC02621\" href=\"https:\/\/anagenessis-zakynthos.com\/wp-content\/uploads\/2015\/01\/gallery_80_61_DSC02621.jpg\" target=\"_self\"><img decoding=\"async\" width=\"422\" height=\"322\" src=\"https:\/\/anagenessis-zakynthos.com\/wp-content\/uploads\/2015\/01\/gallery_80_61_DSC02621.jpg\" class=\"attachment-full size-full\" alt=\"Gallery 80 61 dsc02621\" \/><\/a><\/div><\/div><\/div><div class=\"swiper-slide\"><div class=\"fusion-carousel-item-wrapper\"><div class=\"fusion-image-wrapper hover-type-zoomin\"><a data-rel=\"iLightbox[image_carousel_2]\" data-title=\"gallery_80_47_Photo0201\" aria-label=\"gallery_80_47_Photo0201\" href=\"https:\/\/anagenessis-zakynthos.com\/wp-content\/uploads\/2015\/01\/gallery_80_47_Photo0201.jpg\" target=\"_self\"><img decoding=\"async\" width=\"422\" height=\"322\" src=\"https:\/\/anagenessis-zakynthos.com\/wp-content\/uploads\/2015\/01\/gallery_80_47_Photo0201.jpg\" class=\"attachment-full size-full\" alt=\"Gallery 80 47 photo0201\" \/><\/a><\/div><\/div><\/div><\/div><\/div><\/div><div class=\"fusion-clearfix\"><\/div><\/div><\/div><div class=\"fusion-layout-column fusion_builder_column fusion-builder-column-1 fusion_builder_column_1_2 1_2 fusion-one-half fusion-column-last\" style=\"--awb-bg-size:cover;width:48%;\"><div class=\"fusion-column-wrapper fusion-flex-column-wrapper-legacy\"><div class=\"fusion-image-element in-legacy-container\" style=\"--awb-caption-title-font-family:var(--h2_typography-font-family);--awb-caption-title-font-weight:var(--h2_typography-font-weight);--awb-caption-title-font-style:var(--h2_typography-font-style);--awb-caption-title-size:var(--h2_typography-font-size);--awb-caption-title-transform:var(--h2_typography-text-transform);--awb-caption-title-line-height:var(--h2_typography-line-height);--awb-caption-title-letter-spacing:var(--h2_typography-letter-spacing);\"><span class=\"fusion-imageframe imageframe-glow imageframe-1 hover-type-zoomin\" style=\"border:2px solid #d3d3d3;-webkit-box-shadow: 0 0 3px rgba(0,0,0,0.3);box-shadow: 0 0 3px rgba(0,0,0,0.3);\"><img decoding=\"async\" width=\"840\" height=\"1120\" title=\"wedding1\" src=\"https:\/\/anagenessis-zakynthos.com\/wp-content\/uploads\/2015\/01\/wedding1.jpg\" alt class=\"img-responsive wp-image-1487\" srcset=\"https:\/\/anagenessis-zakynthos.com\/wp-content\/uploads\/2015\/01\/wedding1-225x300.jpg 225w, https:\/\/anagenessis-zakynthos.com\/wp-content\/uploads\/2015\/01\/wedding1-768x1024.jpg 768w, https:\/\/anagenessis-zakynthos.com\/wp-content\/uploads\/2015\/01\/wedding1.jpg 840w\" sizes=\"(max-width: 840px) 100vw, 840px\" \/><\/span><\/div><div class=\"fusion-sep-clear\"><\/div><div class=\"fusion-separator fusion-full-width-sep\" style=\"margin-left: auto;margin-right: auto;margin-bottom:20px;width:100%;\"><\/div><div class=\"fusion-sep-clear\"><\/div><div class=\"fusion-clearfix\"><\/div><\/div><\/div><\/div><\/div><div class=\"fusion-fullwidth fullwidth-box fusion-builder-row-2 hundred-percent-fullwidth non-hundred-percent-height-scrolling fusion-equal-height-columns\" style=\"--awb-background-position:left top;--awb-border-color:#452e51;--awb-border-style:dotted;--awb-border-radius-top-left:0px;--awb-border-radius-top-right:0px;--awb-border-radius-bottom-right:0px;--awb-border-radius-bottom-left:0px;--awb-padding-top:1px;--awb-padding-right:0px;--awb-padding-bottom:-30px;--awb-padding-left:0px;--awb-background-color:#eaeaea;--awb-border-sizes-top:1px;--awb-border-sizes-bottom:1px;--awb-flex-wrap:wrap;\" ><div class=\"fusion-builder-row fusion-row\"><div class=\"fusion-layout-column fusion_builder_column fusion-builder-column-2 fusion_builder_column_1_6 1_6 fusion-one-sixth fusion-column-first\" style=\"--awb-bg-size:cover;width:13.3333%; margin-right: 4%;\"><div class=\"fusion-column-wrapper fusion-flex-column-wrapper-legacy\"><div class=\"fusion-clearfix\"><\/div><\/div><\/div><div class=\"fusion-layout-column fusion_builder_column fusion-builder-column-3 fusion_builder_column_2_3 2_3 fusion-two-third\" style=\"--awb-bg-size:cover;--awb-border-color:#2d0e3f;--awb-border-style:solid;--awb-margin-top:50px;width:65.3333%; margin-right: 4%;\"><div class=\"fusion-column-wrapper fusion-flex-column-wrapper-legacy\"><div class=\"fusion-column-content-centered\"><div class=\"fusion-column-content\"><div class=\"fusion-image-carousel fusion-image-carousel-auto fusion-image-carousel-3 lightbox-enabled fusion-carousel-border\"><div class=\"awb-carousel awb-swiper awb-swiper-carousel awb-swiper-dots-position-bottom awb-carousel--carousel\" data-layout=\"carousel\" data-autoplay=\"no\" data-autoplayspeed=\"2500\" data-autoplaypause=\"no\" data-columns=\"2\" data-itemmargin=\"2\" data-itemwidth=\"180\" data-touchscroll=\"no\" data-freemode=\"no\" data-imagesize=\"auto\" data-scrollitems=\"0\" data-centeredslides=\"no\" data-rotationangle=\"50\" data-depth=\"100\" data-speed=\"500\" data-shadow=\"no\" style=\"--awb-columns:2;--awb-column-spacing:2px;--awb-border-width:1px;--awb-border-color:#e9eaee;\"><div class=\"swiper-wrapper awb-image-carousel-wrapper fusion-flex-align-items-center\"><div class=\"swiper-slide\"><div class=\"fusion-carousel-item-wrapper\"><div class=\"fusion-image-wrapper hover-type-zoomin\"><a data-rel=\"iLightbox[image_carousel_3]\" data-title=\"wedding5\" aria-label=\"wedding5\" href=\"https:\/\/anagenessis-zakynthos.com\/wp-content\/uploads\/2015\/01\/wedding5.jpg\" target=\"_self\"><img decoding=\"async\" width=\"900\" height=\"675\" src=\"https:\/\/anagenessis-zakynthos.com\/wp-content\/uploads\/2015\/01\/wedding5.jpg\" class=\"attachment-full size-full\" alt=\"Wedding5\" \/><\/a><\/div><\/div><\/div><div class=\"swiper-slide\"><div class=\"fusion-carousel-item-wrapper\"><div class=\"fusion-image-wrapper hover-type-zoomin\"><a data-rel=\"iLightbox[image_carousel_3]\" data-title=\"wedding6\" aria-label=\"wedding6\" href=\"https:\/\/anagenessis-zakynthos.com\/wp-content\/uploads\/2015\/01\/wedding6.jpg\" target=\"_self\"><img decoding=\"async\" width=\"900\" height=\"675\" src=\"https:\/\/anagenessis-zakynthos.com\/wp-content\/uploads\/2015\/01\/wedding6.jpg\" class=\"attachment-full size-full\" alt=\"wedding arrangements in zakynthos hotel\" \/><\/a><\/div><\/div><\/div><\/div><\/div><\/div><\/div><\/div><div class=\"fusion-clearfix\"><\/div><\/div><\/div><div class=\"fusion-layout-column fusion_builder_column fusion-builder-column-4 fusion_builder_column_1_6 1_6 fusion-one-sixth fusion-column-last\" style=\"--awb-bg-size:cover;width:13.3333%;\"><div class=\"fusion-column-wrapper fusion-flex-column-wrapper-legacy\"><div class=\"fusion-clearfix\"><\/div><\/div><\/div><\/div><\/div><div class=\"fusion-fullwidth fullwidth-box fusion-builder-row-3 nonhundred-percent-fullwidth non-hundred-percent-height-scrolling\" style=\"--awb-background-position:left top;--awb-border-radius-top-left:0px;--awb-border-radius-top-right:0px;--awb-border-radius-bottom-right:0px;--awb-border-radius-bottom-left:0px;--awb-padding-top:20px;--awb-padding-right:0px;--awb-padding-bottom:20px;--awb-padding-left:0px;--awb-border-sizes-top:0px;--awb-border-sizes-bottom:0px;--awb-flex-wrap:wrap;\" ><div class=\"fusion-builder-row fusion-row\"><\/div><\/div><\/p>","protected":false},"excerpt":{"rendered":"","protected":false},"author":1,"featured_media":0,"parent":0,"menu_order":0,"comment_status":"closed","ping_status":"open","template":"100-width.php","meta":{"slim_seo":{"title":"Wedding Arrangements - Anagenessis Village Hotel","description":"Wedding Planning Organize your marriage, the most beautiful event of your life in a unique idyllic environment, just as you have imagined it, creating the atmos"},"footnotes":""},"class_list":["post-11","page","type-page","status-publish","hentry"],"_links":{"self":[{"href":"https:\/\/anagenessis-zakynthos.com\/de\/wp-json\/wp\/v2\/pages\/11","targetHints":{"allow":["GET"]}}],"collection":[{"href":"https:\/\/anagenessis-zakynthos.com\/de\/wp-json\/wp\/v2\/pages"}],"about":[{"href":"https:\/\/anagenessis-zakynthos.com\/de\/wp-json\/wp\/v2\/types\/page"}],"author":[{"embeddable":true,"href":"https:\/\/anagenessis-zakynthos.com\/de\/wp-json\/wp\/v2\/users\/1"}],"replies":[{"embeddable":true,"href":"https:\/\/anagenessis-zakynthos.com\/de\/wp-json\/wp\/v2\/comments?post=11"}],"version-history":[{"count":0,"href":"https:\/\/anagenessis-zakynthos.com\/de\/wp-json\/wp\/v2\/pages\/11\/revisions"}],"wp:attachment":[{"href":"https:\/\/anagenessis-zakynthos.com\/de\/wp-json\/wp\/v2\/media?parent=11"}],"curies":[{"name":"wp","href":"https:\/\/api.w.org\/{rel}","templated":true}]}}